                                                {"id":3231,"date":"2026-04-21T21:53:26","date_gmt":"2026-04-22T01:53:26","guid":{"rendered":"https:\/\/www.pascal-caillens.com\/?page_id=3231"},"modified":"2026-04-21T21:53:45","modified_gmt":"2026-04-22T01:53:45","slug":"expositions-en-cours","status":"publish","type":"page","link":"https:\/\/www.pascal-caillens.com\/en\/expositions-en-cours\/","title":{"rendered":"Current Exhibitions"},"content":{"rendered":"<div data-elementor-type=\"wp-page\" data-elementor-id=\"3231\" class=\"elementor elementor-3231\">\n\t\t\t\t<div class=\"elementor-element elementor-element-f7004d9 e-flex e-con-boxed e-con e-parent\" data-id=\"f7004d9\" data-element_type=\"container\" data-e-type=\"container\">\n\t\t\t\t\t<div class=\"e-con-inner\">\n\t\t\t\t<div class=\"elementor-element elementor-element-d040e5d elementor-widget elementor-widget-text-editor\" data-id=\"d040e5d\" data-element_type=\"widget\" data-e-type=\"widget\" data-widget_type=\"text-editor.default\">\n\t\t\t\t<div class=\"elementor-widget-container\">\n\t\t\t\t\t\t\t\t\t<h2>PERMANENT EXHIBITION AT R\u00c9MIS CAF\u00c9<\/h2><h3><span class=\"LrzXr\">299 Rue Principale O, Magog, QC J1X 2K3<\/span><\/h3>\t\t\t\t\t\t\t\t<\/div>\n\t\t\t\t<\/div>\n\t\t\t\t\t<\/div>\n\t\t\t\t<\/div>\n\t\t<div class=\"elementor-element elementor-element-b3f0433 e-flex e-con-boxed e-con e-parent\" data-id=\"b3f0433\" data-element_type=\"container\" data-e-type=\"container\">\n\t\t\t\t\t<div class=\"e-con-inner\">\n\t\t<div class=\"elementor-element elementor-element-d32e8a0 e-con-full e-flex e-con e-child\" data-id=\"d32e8a0\" data-element_type=\"container\" data-e-type=\"container\">\n\t\t\t\t<\/div>\n\t\t<div class=\"elementor-element elementor-element-fd5cb6d e-con-full e-flex e-con e-child\" data-id=\"fd5cb6d\" data-element_type=\"container\" data-e-type=\"container\">\n\t\t\t\t<div class=\"elementor-element elementor-element-52666f6 elementor-widget elementor-widget-image\" data-id=\"52666f6\" data-element_type=\"widget\" data-e-type=\"widget\" data-widget_type=\"image.default\">\n\t\t\t\t<div class=\"elementor-widget-container\">\n\t\t\t\t\t\t\t\t\t\t\t\t\t\t\t<img fetchpriority=\"high\" decoding=\"async\" width=\"660\" height=\"868\" src=\"https:\/\/www.pascal-caillens.com\/wp-content\/uploads\/2026\/04\/04-779x1024.jpg\" class=\"attachment-large size-large wp-image-3156\" alt=\"\" srcset=\"https:\/\/www.pascal-caillens.com\/wp-content\/uploads\/2026\/04\/04-779x1024.jpg 779w, https:\/\/www.pascal-caillens.com\/wp-content\/uploads\/2026\/04\/04-228x300.jpg 228w, https:\/\/www.pascal-caillens.com\/wp-content\/uploads\/2026\/04\/04-768x1010.jpg 768w, https:\/\/www.pascal-caillens.com\/wp-content\/uploads\/2026\/04\/04-1168x1536.jpg 1168w, https:\/\/www.pascal-caillens.com\/wp-content\/uploads\/2026\/04\/04-1558x2048.jpg 1558w, https:\/\/www.pascal-caillens.com\/wp-content\/uploads\/2026\/04\/04-9x12.jpg 9w, https:\/\/www.pascal-caillens.com\/wp-content\/uploads\/2026\/04\/04-300x394.jpg 300w, https:\/\/www.pascal-caillens.com\/wp-content\/uploads\/2026\/04\/04-600x789.jpg 600w, https:\/\/www.pascal-caillens.com\/wp-content\/uploads\/2026\/04\/04-scaled.jpg 1947w\" sizes=\"(max-width: 660px) 100vw, 660px\" \/>\t\t\t\t\t\t\t\t\t\t\t\t\t\t\t<\/div>\n\t\t\t\t<\/div>\n\t\t\t\t<\/div>\n\t\t<div class=\"elementor-element elementor-element-2545021 e-con-full e-flex e-con e-child\" data-id=\"2545021\" data-element_type=\"container\" data-e-type=\"container\">\n\t\t\t\t<\/div>\n\t\t\t\t\t<\/div>\n\t\t\t\t<\/div>\n\t\t<div class=\"elementor-element elementor-element-a60be01 e-flex e-con-boxed e-con e-parent\" data-id=\"a60be01\" data-element_type=\"container\" data-e-type=\"container\">\n\t\t\t\t\t<div class=\"e-con-inner\">\n\t\t\t\t<div class=\"elementor-element elementor-element-06eae5d elementor-widget elementor-widget-text-editor\" data-id=\"06eae5d\" data-element_type=\"widget\" data-e-type=\"widget\" data-widget_type=\"text-editor.default\">\n\t\t\t\t<div class=\"elementor-widget-container\">\n\t\t\t\t\t\t\t\t\t<h2>PERMANENT EXHIBITION AT LA SUITE 100% LOVE <br \/>(Luxury Thrift Boutique)<\/h2><h3><span class=\"LrzXr\">290 Rue Principale O, Magog, QC J1X 2A5<\/span><\/h3>\t\t\t\t\t\t\t\t<\/div>\n\t\t\t\t<\/div>\n\t\t\t\t\t<\/div>\n\t\t\t\t<\/div>\n\t\t<div class=\"elementor-element elementor-element-56a5e1d e-flex e-con-boxed e-con e-parent\" data-id=\"56a5e1d\" data-element_type=\"container\" data-e-type=\"container\">\n\t\t\t\t\t<div class=\"e-con-inner\">\n\t\t<div class=\"elementor-element elementor-element-ef23514 e-con-full e-flex e-con e-child\" data-id=\"ef23514\" data-element_type=\"container\" data-e-type=\"container\">\n\t\t\t\t<\/div>\n\t\t<div class=\"elementor-element elementor-element-0fe97a4 e-con-full e-flex e-con e-child\" data-id=\"0fe97a4\" data-element_type=\"container\" data-e-type=\"container\">\n\t\t\t\t<div class=\"elementor-element elementor-element-c1167c5 elementor-widget elementor-widget-image\" data-id=\"c1167c5\" data-element_type=\"widget\" data-e-type=\"widget\" data-widget_type=\"image.default\">\n\t\t\t\t<div class=\"elementor-widget-container\">\n\t\t\t\t\t\t\t\t\t\t\t\t\t\t\t<img decoding=\"async\" width=\"660\" height=\"340\" src=\"https:\/\/www.pascal-caillens.com\/wp-content\/uploads\/2026\/04\/03-1024x527.jpg\" class=\"attachment-large size-large wp-image-3155\" alt=\"\" srcset=\"https:\/\/www.pascal-caillens.com\/wp-content\/uploads\/2026\/04\/03-1024x527.jpg 1024w, https:\/\/www.pascal-caillens.com\/wp-content\/uploads\/2026\/04\/03-300x154.jpg 300w, https:\/\/www.pascal-caillens.com\/wp-content\/uploads\/2026\/04\/03-768x395.jpg 768w, https:\/\/www.pascal-caillens.com\/wp-content\/uploads\/2026\/04\/03-1536x790.jpg 1536w, https:\/\/www.pascal-caillens.com\/wp-content\/uploads\/2026\/04\/03-2048x1053.jpg 2048w, https:\/\/www.pascal-caillens.com\/wp-content\/uploads\/2026\/04\/03-18x9.jpg 18w, https:\/\/www.pascal-caillens.com\/wp-content\/uploads\/2026\/04\/03-600x309.jpg 600w\" sizes=\"(max-width: 660px) 100vw, 660px\" \/>\t\t\t\t\t\t\t\t\t\t\t\t\t\t\t<\/div>\n\t\t\t\t<\/div>\n\t\t\t\t<\/div>\n\t\t<div class=\"elementor-element elementor-element-7f4497c e-con-full e-flex e-con e-child\" data-id=\"7f4497c\" data-element_type=\"container\" data-e-type=\"container\">\n\t\t\t\t<\/div>\n\t\t\t\t\t<\/div>\n\t\t\t\t<\/div>\n\t\t\t\t<\/div>","protected":false},"excerpt":{"rendered":"<p>EXPOSITION PERMANENTE AU R\u00c9MIS CAF\u00c9 299 Rue Principale O, Magog, QC J1X 2K3 EXPOSITION PERMANENTE \u00c0 LA SUITE 100% LOVE (friperie de luxe) 290 Rue Principale O, Magog, QC J1X 2A5<\/p>","protected":false},"author":1,"featured_media":0,"parent":0,"menu_order":0,"comment_status":"closed","ping_status":"closed","template":"","meta":{"footnotes":""},"class_list":["post-3231","page","type-page","status-publish","hentry"],"yoast_head":"<!-- This site is optimized with the Yoast SEO plugin v27.5 - https:\/\/yoast.com\/product\/yoast-seo-wordpress\/ -->\n<title>Expositions en cours - Artiste peintre Magog | Art abstrait contemporain Estrie | Pascal Caillens<\/title>\n<meta name=\"description\" content=\"Artiste peintre bas\u00e9 \u00e0 Magog en Estrie, Pascal Caillens cr\u00e9e des \u0153uvres abstraites contemporaines uniques, inspir\u00e9es par l\u2019\u00e9motion, la couleur et l\u2019instant pr\u00e9sent. Tableaux originaux pour maisons, entreprises et espaces haut de gamme. D\u00e9couvrez un artiste de l\u2019Estrie en pleine \u00e9mergence.\" \/>\n<meta name=\"robots\" content=\"index, follow, max-snippet:-1, max-image-preview:large, max-video-preview:-1\" \/>\n<link rel=\"canonical\" href=\"https:\/\/www.pascal-caillens.com\/en\/expositions-en-cours\/\" \/>\n<meta property=\"og:locale\" content=\"en_US\" \/>\n<meta property=\"og:type\" content=\"article\" \/>\n<meta property=\"og:title\" content=\"Expositions en cours - Artiste peintre Magog | Art abstrait contemporain Estrie | Pascal Caillens\" \/>\n<meta property=\"og:description\" content=\"Artiste peintre bas\u00e9 \u00e0 Magog en Estrie, Pascal Caillens cr\u00e9e des \u0153uvres abstraites contemporaines uniques, inspir\u00e9es par l\u2019\u00e9motion, la couleur et l\u2019instant pr\u00e9sent. Tableaux originaux pour maisons, entreprises et espaces haut de gamme. D\u00e9couvrez un artiste de l\u2019Estrie en pleine \u00e9mergence.\" \/>\n<meta property=\"og:url\" content=\"https:\/\/www.pascal-caillens.com\/en\/expositions-en-cours\/\" \/>\n<meta property=\"og:site_name\" content=\"Artiste peintre Magog | Art abstrait contemporain Estrie | Pascal Caillens\" \/>\n<meta property=\"article:modified_time\" content=\"2026-04-22T01:53:45+00:00\" \/>\n<meta property=\"og:image\" content=\"https:\/\/www.pascal-caillens.com\/wp-content\/uploads\/2026\/04\/04-scaled.jpg\" \/>\n\t<meta property=\"og:image:width\" content=\"1947\" \/>\n\t<meta property=\"og:image:height\" content=\"2560\" \/>\n\t<meta property=\"og:image:type\" content=\"image\/jpeg\" \/>\n<meta name=\"twitter:card\" content=\"summary_large_image\" \/>\n<meta name=\"twitter:label1\" content=\"Est. reading time\" \/>\n\t<meta name=\"twitter:data1\" content=\"1 minute\" \/>\n<script type=\"application\/ld+json\" class=\"yoast-schema-graph\">{\"@context\":\"https:\\\/\\\/schema.org\",\"@graph\":[{\"@type\":\"WebPage\",\"@id\":\"https:\\\/\\\/www.pascal-caillens.com\\\/expositions-en-cours\\\/\",\"url\":\"https:\\\/\\\/www.pascal-caillens.com\\\/expositions-en-cours\\\/\",\"name\":\"Expositions en cours - Artiste peintre Magog | Art abstrait contemporain Estrie | Pascal Caillens\",\"isPartOf\":{\"@id\":\"https:\\\/\\\/www.pascal-caillens.com\\\/#website\"},\"primaryImageOfPage\":{\"@id\":\"https:\\\/\\\/www.pascal-caillens.com\\\/expositions-en-cours\\\/#primaryimage\"},\"image\":{\"@id\":\"https:\\\/\\\/www.pascal-caillens.com\\\/expositions-en-cours\\\/#primaryimage\"},\"thumbnailUrl\":\"https:\\\/\\\/www.pascal-caillens.com\\\/wp-content\\\/uploads\\\/2026\\\/04\\\/04-779x1024.jpg\",\"datePublished\":\"2026-04-22T01:53:26+00:00\",\"dateModified\":\"2026-04-22T01:53:45+00:00\",\"description\":\"Artiste peintre bas\u00e9 \u00e0 Magog en Estrie, Pascal Caillens cr\u00e9e des \u0153uvres abstraites contemporaines uniques, inspir\u00e9es par l\u2019\u00e9motion, la couleur et l\u2019instant pr\u00e9sent. Tableaux originaux pour maisons, entreprises et espaces haut de gamme. D\u00e9couvrez un artiste de l\u2019Estrie en pleine \u00e9mergence.\",\"breadcrumb\":{\"@id\":\"https:\\\/\\\/www.pascal-caillens.com\\\/expositions-en-cours\\\/#breadcrumb\"},\"inLanguage\":\"en-CA\",\"potentialAction\":[{\"@type\":\"ReadAction\",\"target\":[\"https:\\\/\\\/www.pascal-caillens.com\\\/expositions-en-cours\\\/\"]}]},{\"@type\":\"ImageObject\",\"inLanguage\":\"en-CA\",\"@id\":\"https:\\\/\\\/www.pascal-caillens.com\\\/expositions-en-cours\\\/#primaryimage\",\"url\":\"https:\\\/\\\/www.pascal-caillens.com\\\/wp-content\\\/uploads\\\/2026\\\/04\\\/04-779x1024.jpg\",\"contentUrl\":\"https:\\\/\\\/www.pascal-caillens.com\\\/wp-content\\\/uploads\\\/2026\\\/04\\\/04-779x1024.jpg\"},{\"@type\":\"BreadcrumbList\",\"@id\":\"https:\\\/\\\/www.pascal-caillens.com\\\/expositions-en-cours\\\/#breadcrumb\",\"itemListElement\":[{\"@type\":\"ListItem\",\"position\":1,\"name\":\"Accueil\",\"item\":\"https:\\\/\\\/www.pascal-caillens.com\\\/\"},{\"@type\":\"ListItem\",\"position\":2,\"name\":\"Expositions en cours\"}]},{\"@type\":\"WebSite\",\"@id\":\"https:\\\/\\\/www.pascal-caillens.com\\\/#website\",\"url\":\"https:\\\/\\\/www.pascal-caillens.com\\\/\",\"name\":\"Artiste peintre Magog | Art abstrait contemporain Estrie | Pascal Caillens\",\"description\":\"Artiste peintre Estrie | Tableaux abstraits modernes \u00e0 Magog | Pascal Caillens\",\"potentialAction\":[{\"@type\":\"SearchAction\",\"target\":{\"@type\":\"EntryPoint\",\"urlTemplate\":\"https:\\\/\\\/www.pascal-caillens.com\\\/?s={search_term_string}\"},\"query-input\":{\"@type\":\"PropertyValueSpecification\",\"valueRequired\":true,\"valueName\":\"search_term_string\"}}],\"inLanguage\":\"en-CA\"}]}<\/script>\n<!-- \/ Yoast SEO plugin. -->","yoast_head_json":{"title":"Expositions en cours - Artiste peintre Magog | Art abstrait contemporain Estrie | Pascal Caillens","description":"Artiste peintre bas\u00e9 \u00e0 Magog en Estrie, Pascal Caillens cr\u00e9e des \u0153uvres abstraites contemporaines uniques, inspir\u00e9es par l\u2019\u00e9motion, la couleur et l\u2019instant pr\u00e9sent. Tableaux originaux pour maisons, entreprises et espaces haut de gamme. D\u00e9couvrez un artiste de l\u2019Estrie en pleine \u00e9mergence.","robots":{"index":"index","follow":"follow","max-snippet":"max-snippet:-1","max-image-preview":"max-image-preview:large","max-video-preview":"max-video-preview:-1"},"canonical":"https:\/\/www.pascal-caillens.com\/en\/expositions-en-cours\/","og_locale":"en_US","og_type":"article","og_title":"Expositions en cours - Artiste peintre Magog | Art abstrait contemporain Estrie | Pascal Caillens","og_description":"Artiste peintre bas\u00e9 \u00e0 Magog en Estrie, Pascal Caillens cr\u00e9e des \u0153uvres abstraites contemporaines uniques, inspir\u00e9es par l\u2019\u00e9motion, la couleur et l\u2019instant pr\u00e9sent. Tableaux originaux pour maisons, entreprises et espaces haut de gamme. D\u00e9couvrez un artiste de l\u2019Estrie en pleine \u00e9mergence.","og_url":"https:\/\/www.pascal-caillens.com\/en\/expositions-en-cours\/","og_site_name":"Artiste peintre Magog | Art abstrait contemporain Estrie | Pascal Caillens","article_modified_time":"2026-04-22T01:53:45+00:00","og_image":[{"width":1947,"height":2560,"url":"https:\/\/www.pascal-caillens.com\/wp-content\/uploads\/2026\/04\/04-scaled.jpg","type":"image\/jpeg"}],"twitter_card":"summary_large_image","twitter_misc":{"Est. reading time":"1 minute"},"schema":{"@context":"https:\/\/schema.org","@graph":[{"@type":"WebPage","@id":"https:\/\/www.pascal-caillens.com\/expositions-en-cours\/","url":"https:\/\/www.pascal-caillens.com\/expositions-en-cours\/","name":"Expositions en cours - Artiste peintre Magog | Art abstrait contemporain Estrie | Pascal Caillens","isPartOf":{"@id":"https:\/\/www.pascal-caillens.com\/#website"},"primaryImageOfPage":{"@id":"https:\/\/www.pascal-caillens.com\/expositions-en-cours\/#primaryimage"},"image":{"@id":"https:\/\/www.pascal-caillens.com\/expositions-en-cours\/#primaryimage"},"thumbnailUrl":"https:\/\/www.pascal-caillens.com\/wp-content\/uploads\/2026\/04\/04-779x1024.jpg","datePublished":"2026-04-22T01:53:26+00:00","dateModified":"2026-04-22T01:53:45+00:00","description":"Artiste peintre bas\u00e9 \u00e0 Magog en Estrie, Pascal Caillens cr\u00e9e des \u0153uvres abstraites contemporaines uniques, inspir\u00e9es par l\u2019\u00e9motion, la couleur et l\u2019instant pr\u00e9sent. Tableaux originaux pour maisons, entreprises et espaces haut de gamme. D\u00e9couvrez un artiste de l\u2019Estrie en pleine \u00e9mergence.","breadcrumb":{"@id":"https:\/\/www.pascal-caillens.com\/expositions-en-cours\/#breadcrumb"},"inLanguage":"en-CA","potentialAction":[{"@type":"ReadAction","target":["https:\/\/www.pascal-caillens.com\/expositions-en-cours\/"]}]},{"@type":"ImageObject","inLanguage":"en-CA","@id":"https:\/\/www.pascal-caillens.com\/expositions-en-cours\/#primaryimage","url":"https:\/\/www.pascal-caillens.com\/wp-content\/uploads\/2026\/04\/04-779x1024.jpg","contentUrl":"https:\/\/www.pascal-caillens.com\/wp-content\/uploads\/2026\/04\/04-779x1024.jpg"},{"@type":"BreadcrumbList","@id":"https:\/\/www.pascal-caillens.com\/expositions-en-cours\/#breadcrumb","itemListElement":[{"@type":"ListItem","position":1,"name":"Accueil","item":"https:\/\/www.pascal-caillens.com\/"},{"@type":"ListItem","position":2,"name":"Expositions en cours"}]},{"@type":"WebSite","@id":"https:\/\/www.pascal-caillens.com\/#website","url":"https:\/\/www.pascal-caillens.com\/","name":"Artiste peintre Magog | Art abstrait contemporain Estrie | Pascal Caillens","description":"Artiste peintre Estrie | Tableaux abstraits modernes \u00e0 Magog | Pascal Caillens","potentialAction":[{"@type":"SearchAction","target":{"@type":"EntryPoint","urlTemplate":"https:\/\/www.pascal-caillens.com\/?s={search_term_string}"},"query-input":{"@type":"PropertyValueSpecification","valueRequired":true,"valueName":"search_term_string"}}],"inLanguage":"en-CA"}]}},"_links":{"self":[{"href":"https:\/\/www.pascal-caillens.com\/en\/wp-json\/wp\/v2\/pages\/3231","targetHints":{"allow":["GET"]}}],"collection":[{"href":"https:\/\/www.pascal-caillens.com\/en\/wp-json\/wp\/v2\/pages"}],"about":[{"href":"https:\/\/www.pascal-caillens.com\/en\/wp-json\/wp\/v2\/types\/page"}],"author":[{"embeddable":true,"href":"https:\/\/www.pascal-caillens.com\/en\/wp-json\/wp\/v2\/users\/1"}],"replies":[{"embeddable":true,"href":"https:\/\/www.pascal-caillens.com\/en\/wp-json\/wp\/v2\/comments?post=3231"}],"version-history":[{"count":5,"href":"https:\/\/www.pascal-caillens.com\/en\/wp-json\/wp\/v2\/pages\/3231\/revisions"}],"predecessor-version":[{"id":3237,"href":"https:\/\/www.pascal-caillens.com\/en\/wp-json\/wp\/v2\/pages\/3231\/revisions\/3237"}],"wp:attachment":[{"href":"https:\/\/www.pascal-caillens.com\/en\/wp-json\/wp\/v2\/media?parent=3231"}],"curies":[{"name":"wp","href":"https:\/\/api.w.org\/{rel}","templated":true}]}}