                                                {"id":3177,"date":"2026-04-10T20:48:54","date_gmt":"2026-04-11T00:48:54","guid":{"rendered":"https:\/\/www.pascal-caillens.com\/?post_type=product&#038;p=3177"},"modified":"2026-04-10T20:52:07","modified_gmt":"2026-04-11T00:52:07","slug":"courants-dor","status":"publish","type":"product","link":"https:\/\/www.pascal-caillens.com\/fr\/produit\/courants-dor\/","title":{"rendered":"Courants d&rsquo;or"},"content":{"rendered":"<p>Cette \u0153uvre \u00e9voque un mouvement fluide et organique, comme des courants d\u2019\u00e9nergie traversant un paysage int\u00e9rieur. Les teintes chaudes d\u2019orang\u00e9 et de dor\u00e9 apportent une sensation de chaleur et de vitalit\u00e9, tandis que les lignes bleues et vertes viennent cr\u00e9er un contraste apaisant, presque m\u00e9ditatif.<br data-start=\"350\" data-end=\"353\" \/>On y per\u00e7oit un \u00e9quilibre subtil entre puissance et douceur, comme si la mati\u00e8re elle-m\u00eame respirait. <em data-start=\"455\" data-end=\"470\">Courants d\u2019or<\/em> invite \u00e0 se laisser porter, \u00e0 suivre le flux naturel des \u00e9motions et \u00e0 reconnecter avec une forme d\u2019harmonie int\u00e9rieure.<\/p>","protected":false},"excerpt":{"rendered":"<p>Dimensions : 19.5\u201d x 26.5\u201d<br \/>\nDate de cr\u00e9ation : Avril 2026<br \/>\nTechnique : Huile sur toile<br \/>\nNum\u00e9ro d\u2019archive : PC-2026-023<br \/>\nStatut : \u0152uvre originale unique<\/p>","protected":false},"featured_media":3178,"template":"","meta":[],"product_brand":[],"product_cat":[27],"product_tag":[],"class_list":{"0":"post-3177","1":"product","2":"type-product","3":"status-publish","4":"has-post-thumbnail","6":"product_cat-non-classe","8":"first","9":"instock","10":"shipping-taxable","11":"purchasable","12":"product-type-simple"},"yoast_head":"<!-- This site is optimized with the Yoast SEO plugin v27.4 - https:\/\/yoast.com\/product\/yoast-seo-wordpress\/ -->\n<title>Courants d&#039;or - Artiste peintre Magog | Art abstrait contemporain Estrie | Pascal Caillens<\/title>\n<meta name=\"robots\" content=\"index, follow, max-snippet:-1, max-image-preview:large, max-video-preview:-1\" \/>\n<link rel=\"canonical\" href=\"https:\/\/www.pascal-caillens.com\/fr\/produit\/courants-dor\/\" \/>\n<meta property=\"og:locale\" content=\"fr_FR\" \/>\n<meta property=\"og:type\" content=\"article\" \/>\n<meta property=\"og:title\" content=\"Courants d&#039;or - Artiste peintre Magog | Art abstrait contemporain Estrie | Pascal Caillens\" \/>\n<meta property=\"og:description\" content=\"Dimensions : 19.5\u201d x 26.5\u201d Date de cr\u00e9ation : Avril 2026 Technique : Huile sur toile Num\u00e9ro d\u2019archive : PC-2026-023 Statut : \u0152uvre originale unique\" \/>\n<meta property=\"og:url\" content=\"https:\/\/www.pascal-caillens.com\/fr\/produit\/courants-dor\/\" \/>\n<meta property=\"og:site_name\" content=\"Artiste peintre Magog | Art abstrait contemporain Estrie | Pascal Caillens\" \/>\n<meta property=\"article:modified_time\" content=\"2026-04-11T00:52:07+00:00\" \/>\n<meta property=\"og:image\" content=\"https:\/\/www.pascal-caillens.com\/wp-content\/uploads\/2026\/04\/courants-or-scaled.jpg\" \/>\n\t<meta property=\"og:image:width\" content=\"1865\" \/>\n\t<meta property=\"og:image:height\" content=\"2560\" \/>\n\t<meta property=\"og:image:type\" content=\"image\/jpeg\" \/>\n<meta name=\"twitter:card\" content=\"summary_large_image\" \/>\n<meta name=\"twitter:label1\" content=\"Dur\u00e9e de lecture estim\u00e9e\" \/>\n\t<meta name=\"twitter:data1\" content=\"1 minute\" \/>\n<script type=\"application\/ld+json\" class=\"yoast-schema-graph\">{\"@context\":\"https:\\\/\\\/schema.org\",\"@graph\":[{\"@type\":\"WebPage\",\"@id\":\"https:\\\/\\\/www.pascal-caillens.com\\\/produit\\\/courants-dor\\\/\",\"url\":\"https:\\\/\\\/www.pascal-caillens.com\\\/produit\\\/courants-dor\\\/\",\"name\":\"Courants d'or - Artiste peintre Magog | Art abstrait contemporain Estrie | Pascal Caillens\",\"isPartOf\":{\"@id\":\"https:\\\/\\\/www.pascal-caillens.com\\\/#website\"},\"primaryImageOfPage\":{\"@id\":\"https:\\\/\\\/www.pascal-caillens.com\\\/produit\\\/courants-dor\\\/#primaryimage\"},\"image\":{\"@id\":\"https:\\\/\\\/www.pascal-caillens.com\\\/produit\\\/courants-dor\\\/#primaryimage\"},\"thumbnailUrl\":\"https:\\\/\\\/www.pascal-caillens.com\\\/wp-content\\\/uploads\\\/2026\\\/04\\\/courants-or-scaled.jpg\",\"datePublished\":\"2026-04-11T00:48:54+00:00\",\"dateModified\":\"2026-04-11T00:52:07+00:00\",\"breadcrumb\":{\"@id\":\"https:\\\/\\\/www.pascal-caillens.com\\\/produit\\\/courants-dor\\\/#breadcrumb\"},\"inLanguage\":\"fr-FR\",\"potentialAction\":[{\"@type\":\"ReadAction\",\"target\":[\"https:\\\/\\\/www.pascal-caillens.com\\\/produit\\\/courants-dor\\\/\"]}]},{\"@type\":\"ImageObject\",\"inLanguage\":\"fr-FR\",\"@id\":\"https:\\\/\\\/www.pascal-caillens.com\\\/produit\\\/courants-dor\\\/#primaryimage\",\"url\":\"https:\\\/\\\/www.pascal-caillens.com\\\/wp-content\\\/uploads\\\/2026\\\/04\\\/courants-or-scaled.jpg\",\"contentUrl\":\"https:\\\/\\\/www.pascal-caillens.com\\\/wp-content\\\/uploads\\\/2026\\\/04\\\/courants-or-scaled.jpg\",\"width\":1865,\"height\":2560},{\"@type\":\"BreadcrumbList\",\"@id\":\"https:\\\/\\\/www.pascal-caillens.com\\\/produit\\\/courants-dor\\\/#breadcrumb\",\"itemListElement\":[{\"@type\":\"ListItem\",\"position\":1,\"name\":\"Accueil\",\"item\":\"https:\\\/\\\/www.pascal-caillens.com\\\/\"},{\"@type\":\"ListItem\",\"position\":2,\"name\":\"Acheter\",\"item\":\"https:\\\/\\\/www.pascal-caillens.com\\\/acheter\\\/\"},{\"@type\":\"ListItem\",\"position\":3,\"name\":\"Courants d&rsquo;or\"}]},{\"@type\":\"WebSite\",\"@id\":\"https:\\\/\\\/www.pascal-caillens.com\\\/#website\",\"url\":\"https:\\\/\\\/www.pascal-caillens.com\\\/\",\"name\":\"Artiste peintre Magog | Art abstrait contemporain Estrie | Pascal Caillens\",\"description\":\"Artiste peintre Estrie | Tableaux abstraits modernes \u00e0 Magog | Pascal Caillens\",\"potentialAction\":[{\"@type\":\"SearchAction\",\"target\":{\"@type\":\"EntryPoint\",\"urlTemplate\":\"https:\\\/\\\/www.pascal-caillens.com\\\/?s={search_term_string}\"},\"query-input\":{\"@type\":\"PropertyValueSpecification\",\"valueRequired\":true,\"valueName\":\"search_term_string\"}}],\"inLanguage\":\"fr-FR\"}]}<\/script>\n<!-- \/ Yoast SEO plugin. -->","yoast_head_json":{"title":"Courants d'or - Artiste peintre Magog | Art abstrait contemporain Estrie | Pascal Caillens","robots":{"index":"index","follow":"follow","max-snippet":"max-snippet:-1","max-image-preview":"max-image-preview:large","max-video-preview":"max-video-preview:-1"},"canonical":"https:\/\/www.pascal-caillens.com\/fr\/produit\/courants-dor\/","og_locale":"fr_FR","og_type":"article","og_title":"Courants d'or - Artiste peintre Magog | Art abstrait contemporain Estrie | Pascal Caillens","og_description":"Dimensions : 19.5\u201d x 26.5\u201d Date de cr\u00e9ation : Avril 2026 Technique : Huile sur toile Num\u00e9ro d\u2019archive : PC-2026-023 Statut : \u0152uvre originale unique","og_url":"https:\/\/www.pascal-caillens.com\/fr\/produit\/courants-dor\/","og_site_name":"Artiste peintre Magog | Art abstrait contemporain Estrie | Pascal Caillens","article_modified_time":"2026-04-11T00:52:07+00:00","og_image":[{"width":1865,"height":2560,"url":"https:\/\/www.pascal-caillens.com\/wp-content\/uploads\/2026\/04\/courants-or-scaled.jpg","type":"image\/jpeg"}],"twitter_card":"summary_large_image","twitter_misc":{"Dur\u00e9e de lecture estim\u00e9e":"1 minute"},"schema":{"@context":"https:\/\/schema.org","@graph":[{"@type":"WebPage","@id":"https:\/\/www.pascal-caillens.com\/produit\/courants-dor\/","url":"https:\/\/www.pascal-caillens.com\/produit\/courants-dor\/","name":"Courants d'or - Artiste peintre Magog | Art abstrait contemporain Estrie | Pascal Caillens","isPartOf":{"@id":"https:\/\/www.pascal-caillens.com\/#website"},"primaryImageOfPage":{"@id":"https:\/\/www.pascal-caillens.com\/produit\/courants-dor\/#primaryimage"},"image":{"@id":"https:\/\/www.pascal-caillens.com\/produit\/courants-dor\/#primaryimage"},"thumbnailUrl":"https:\/\/www.pascal-caillens.com\/wp-content\/uploads\/2026\/04\/courants-or-scaled.jpg","datePublished":"2026-04-11T00:48:54+00:00","dateModified":"2026-04-11T00:52:07+00:00","breadcrumb":{"@id":"https:\/\/www.pascal-caillens.com\/produit\/courants-dor\/#breadcrumb"},"inLanguage":"fr-FR","potentialAction":[{"@type":"ReadAction","target":["https:\/\/www.pascal-caillens.com\/produit\/courants-dor\/"]}]},{"@type":"ImageObject","inLanguage":"fr-FR","@id":"https:\/\/www.pascal-caillens.com\/produit\/courants-dor\/#primaryimage","url":"https:\/\/www.pascal-caillens.com\/wp-content\/uploads\/2026\/04\/courants-or-scaled.jpg","contentUrl":"https:\/\/www.pascal-caillens.com\/wp-content\/uploads\/2026\/04\/courants-or-scaled.jpg","width":1865,"height":2560},{"@type":"BreadcrumbList","@id":"https:\/\/www.pascal-caillens.com\/produit\/courants-dor\/#breadcrumb","itemListElement":[{"@type":"ListItem","position":1,"name":"Accueil","item":"https:\/\/www.pascal-caillens.com\/"},{"@type":"ListItem","position":2,"name":"Acheter","item":"https:\/\/www.pascal-caillens.com\/acheter\/"},{"@type":"ListItem","position":3,"name":"Courants d&rsquo;or"}]},{"@type":"WebSite","@id":"https:\/\/www.pascal-caillens.com\/#website","url":"https:\/\/www.pascal-caillens.com\/","name":"Artiste peintre Magog | Art abstrait contemporain Estrie | Pascal Caillens","description":"Artiste peintre Estrie | Tableaux abstraits modernes \u00e0 Magog | Pascal Caillens","potentialAction":[{"@type":"SearchAction","target":{"@type":"EntryPoint","urlTemplate":"https:\/\/www.pascal-caillens.com\/?s={search_term_string}"},"query-input":{"@type":"PropertyValueSpecification","valueRequired":true,"valueName":"search_term_string"}}],"inLanguage":"fr-FR"}]}},"_links":{"self":[{"href":"https:\/\/www.pascal-caillens.com\/fr\/wp-json\/wp\/v2\/product\/3177","targetHints":{"allow":["GET"]}}],"collection":[{"href":"https:\/\/www.pascal-caillens.com\/fr\/wp-json\/wp\/v2\/product"}],"about":[{"href":"https:\/\/www.pascal-caillens.com\/fr\/wp-json\/wp\/v2\/types\/product"}],"wp:featuredmedia":[{"embeddable":true,"href":"https:\/\/www.pascal-caillens.com\/fr\/wp-json\/wp\/v2\/media\/3178"}],"wp:attachment":[{"href":"https:\/\/www.pascal-caillens.com\/fr\/wp-json\/wp\/v2\/media?parent=3177"}],"wp:term":[{"taxonomy":"product_brand","embeddable":true,"href":"https:\/\/www.pascal-caillens.com\/fr\/wp-json\/wp\/v2\/product_brand?post=3177"},{"taxonomy":"product_cat","embeddable":true,"href":"https:\/\/www.pascal-caillens.com\/fr\/wp-json\/wp\/v2\/product_cat?post=3177"},{"taxonomy":"product_tag","embeddable":true,"href":"https:\/\/www.pascal-caillens.com\/fr\/wp-json\/wp\/v2\/product_tag?post=3177"}],"curies":[{"name":"wp","href":"https:\/\/api.w.org\/{rel}","templated":true}]}}