                                                {"id":3266,"date":"2026-04-27T10:47:53","date_gmt":"2026-04-27T14:47:53","guid":{"rendered":"https:\/\/www.pascal-caillens.com\/?post_type=product&#038;p=3266"},"modified":"2026-04-27T10:48:46","modified_gmt":"2026-04-27T14:48:46","slug":"source-vivante","status":"publish","type":"product","link":"https:\/\/www.pascal-caillens.com\/fr\/produit\/source-vivante\/","title":{"rendered":"Source vivante"},"content":{"rendered":"<p>Une lumi\u00e8re centrale \u00e9mane comme une \u00e9nergie premi\u00e8re, douce et enveloppante. Entre chaleur solaire et souffle v\u00e9g\u00e9tal, cette \u0153uvre \u00e9voque une force invisible qui nourrit, \u00e9quilibre et relie, invitant \u00e0 un \u00e9tat de calme et de r\u00e9g\u00e9n\u00e9ration int\u00e9rieure.<\/p>","protected":false},"excerpt":{"rendered":"<p>Dimensions : 10\u201d x 10\u201d<br \/>\nDate de cr\u00e9ation : Avril 2026<br \/>\nTechnique : Huile sur toile<br \/>\nNum\u00e9ro d\u2019archive : PC-2026-032<br \/>\nStatut : \u0152uvre originale unique<\/p>","protected":false},"featured_media":3257,"template":"","meta":[],"product_brand":[],"product_cat":[27],"product_tag":[],"class_list":{"0":"post-3266","1":"product","2":"type-product","3":"status-publish","4":"has-post-thumbnail","6":"product_cat-non-classe","8":"first","9":"instock","10":"shipping-taxable","11":"purchasable","12":"product-type-simple"},"yoast_head":"<!-- This site is optimized with the Yoast SEO plugin v27.5 - https:\/\/yoast.com\/product\/yoast-seo-wordpress\/ -->\n<title>Source vivante - Artiste peintre Magog | Art abstrait contemporain Estrie | Pascal Caillens<\/title>\n<meta name=\"robots\" content=\"index, follow, max-snippet:-1, max-image-preview:large, max-video-preview:-1\" \/>\n<link rel=\"canonical\" href=\"https:\/\/www.pascal-caillens.com\/fr\/produit\/source-vivante\/\" \/>\n<meta property=\"og:locale\" content=\"fr_FR\" \/>\n<meta property=\"og:type\" content=\"article\" \/>\n<meta property=\"og:title\" content=\"Source vivante - Artiste peintre Magog | Art abstrait contemporain Estrie | Pascal Caillens\" \/>\n<meta property=\"og:description\" content=\"Dimensions : 10\u201d x 10\u201d Date de cr\u00e9ation : Avril 2026 Technique : Huile sur toile Num\u00e9ro d\u2019archive : PC-2026-032 Statut : \u0152uvre originale unique\" \/>\n<meta property=\"og:url\" content=\"https:\/\/www.pascal-caillens.com\/fr\/produit\/source-vivante\/\" \/>\n<meta property=\"og:site_name\" content=\"Artiste peintre Magog | Art abstrait contemporain Estrie | Pascal Caillens\" \/>\n<meta property=\"article:modified_time\" content=\"2026-04-27T14:48:46+00:00\" \/>\n<meta property=\"og:image\" content=\"https:\/\/www.pascal-caillens.com\/wp-content\/uploads\/2026\/04\/new1.jpg\" \/>\n\t<meta property=\"og:image:width\" content=\"2252\" \/>\n\t<meta property=\"og:image:height\" content=\"2331\" \/>\n\t<meta property=\"og:image:type\" content=\"image\/jpeg\" \/>\n<meta name=\"twitter:card\" content=\"summary_large_image\" \/>\n<meta name=\"twitter:label1\" content=\"Dur\u00e9e de lecture estim\u00e9e\" \/>\n\t<meta name=\"twitter:data1\" content=\"1 minute\" \/>\n<script type=\"application\/ld+json\" class=\"yoast-schema-graph\">{\"@context\":\"https:\\\/\\\/schema.org\",\"@graph\":[{\"@type\":\"WebPage\",\"@id\":\"https:\\\/\\\/www.pascal-caillens.com\\\/produit\\\/source-vivante\\\/\",\"url\":\"https:\\\/\\\/www.pascal-caillens.com\\\/produit\\\/source-vivante\\\/\",\"name\":\"Source vivante - Artiste peintre Magog | Art abstrait contemporain Estrie | Pascal Caillens\",\"isPartOf\":{\"@id\":\"https:\\\/\\\/www.pascal-caillens.com\\\/#website\"},\"primaryImageOfPage\":{\"@id\":\"https:\\\/\\\/www.pascal-caillens.com\\\/produit\\\/source-vivante\\\/#primaryimage\"},\"image\":{\"@id\":\"https:\\\/\\\/www.pascal-caillens.com\\\/produit\\\/source-vivante\\\/#primaryimage\"},\"thumbnailUrl\":\"https:\\\/\\\/www.pascal-caillens.com\\\/wp-content\\\/uploads\\\/2026\\\/04\\\/new1.jpg\",\"datePublished\":\"2026-04-27T14:47:53+00:00\",\"dateModified\":\"2026-04-27T14:48:46+00:00\",\"breadcrumb\":{\"@id\":\"https:\\\/\\\/www.pascal-caillens.com\\\/produit\\\/source-vivante\\\/#breadcrumb\"},\"inLanguage\":\"fr-FR\",\"potentialAction\":[{\"@type\":\"ReadAction\",\"target\":[\"https:\\\/\\\/www.pascal-caillens.com\\\/produit\\\/source-vivante\\\/\"]}]},{\"@type\":\"ImageObject\",\"inLanguage\":\"fr-FR\",\"@id\":\"https:\\\/\\\/www.pascal-caillens.com\\\/produit\\\/source-vivante\\\/#primaryimage\",\"url\":\"https:\\\/\\\/www.pascal-caillens.com\\\/wp-content\\\/uploads\\\/2026\\\/04\\\/new1.jpg\",\"contentUrl\":\"https:\\\/\\\/www.pascal-caillens.com\\\/wp-content\\\/uploads\\\/2026\\\/04\\\/new1.jpg\",\"width\":2252,\"height\":2331},{\"@type\":\"BreadcrumbList\",\"@id\":\"https:\\\/\\\/www.pascal-caillens.com\\\/produit\\\/source-vivante\\\/#breadcrumb\",\"itemListElement\":[{\"@type\":\"ListItem\",\"position\":1,\"name\":\"Accueil\",\"item\":\"https:\\\/\\\/www.pascal-caillens.com\\\/\"},{\"@type\":\"ListItem\",\"position\":2,\"name\":\"Acheter\",\"item\":\"https:\\\/\\\/www.pascal-caillens.com\\\/acheter\\\/\"},{\"@type\":\"ListItem\",\"position\":3,\"name\":\"Source vivante\"}]},{\"@type\":\"WebSite\",\"@id\":\"https:\\\/\\\/www.pascal-caillens.com\\\/#website\",\"url\":\"https:\\\/\\\/www.pascal-caillens.com\\\/\",\"name\":\"Artiste peintre Magog | Art abstrait contemporain Estrie | Pascal Caillens\",\"description\":\"Artiste peintre Estrie | Tableaux abstraits modernes \u00e0 Magog | Pascal Caillens\",\"potentialAction\":[{\"@type\":\"SearchAction\",\"target\":{\"@type\":\"EntryPoint\",\"urlTemplate\":\"https:\\\/\\\/www.pascal-caillens.com\\\/?s={search_term_string}\"},\"query-input\":{\"@type\":\"PropertyValueSpecification\",\"valueRequired\":true,\"valueName\":\"search_term_string\"}}],\"inLanguage\":\"fr-FR\"}]}<\/script>\n<!-- \/ Yoast SEO plugin. -->","yoast_head_json":{"title":"Source vivante - Artiste peintre Magog | Art abstrait contemporain Estrie | Pascal Caillens","robots":{"index":"index","follow":"follow","max-snippet":"max-snippet:-1","max-image-preview":"max-image-preview:large","max-video-preview":"max-video-preview:-1"},"canonical":"https:\/\/www.pascal-caillens.com\/fr\/produit\/source-vivante\/","og_locale":"fr_FR","og_type":"article","og_title":"Source vivante - Artiste peintre Magog | Art abstrait contemporain Estrie | Pascal Caillens","og_description":"Dimensions : 10\u201d x 10\u201d Date de cr\u00e9ation : Avril 2026 Technique : Huile sur toile Num\u00e9ro d\u2019archive : PC-2026-032 Statut : \u0152uvre originale unique","og_url":"https:\/\/www.pascal-caillens.com\/fr\/produit\/source-vivante\/","og_site_name":"Artiste peintre Magog | Art abstrait contemporain Estrie | Pascal Caillens","article_modified_time":"2026-04-27T14:48:46+00:00","og_image":[{"width":2252,"height":2331,"url":"https:\/\/www.pascal-caillens.com\/wp-content\/uploads\/2026\/04\/new1.jpg","type":"image\/jpeg"}],"twitter_card":"summary_large_image","twitter_misc":{"Dur\u00e9e de lecture estim\u00e9e":"1 minute"},"schema":{"@context":"https:\/\/schema.org","@graph":[{"@type":"WebPage","@id":"https:\/\/www.pascal-caillens.com\/produit\/source-vivante\/","url":"https:\/\/www.pascal-caillens.com\/produit\/source-vivante\/","name":"Source vivante - Artiste peintre Magog | Art abstrait contemporain Estrie | Pascal Caillens","isPartOf":{"@id":"https:\/\/www.pascal-caillens.com\/#website"},"primaryImageOfPage":{"@id":"https:\/\/www.pascal-caillens.com\/produit\/source-vivante\/#primaryimage"},"image":{"@id":"https:\/\/www.pascal-caillens.com\/produit\/source-vivante\/#primaryimage"},"thumbnailUrl":"https:\/\/www.pascal-caillens.com\/wp-content\/uploads\/2026\/04\/new1.jpg","datePublished":"2026-04-27T14:47:53+00:00","dateModified":"2026-04-27T14:48:46+00:00","breadcrumb":{"@id":"https:\/\/www.pascal-caillens.com\/produit\/source-vivante\/#breadcrumb"},"inLanguage":"fr-FR","potentialAction":[{"@type":"ReadAction","target":["https:\/\/www.pascal-caillens.com\/produit\/source-vivante\/"]}]},{"@type":"ImageObject","inLanguage":"fr-FR","@id":"https:\/\/www.pascal-caillens.com\/produit\/source-vivante\/#primaryimage","url":"https:\/\/www.pascal-caillens.com\/wp-content\/uploads\/2026\/04\/new1.jpg","contentUrl":"https:\/\/www.pascal-caillens.com\/wp-content\/uploads\/2026\/04\/new1.jpg","width":2252,"height":2331},{"@type":"BreadcrumbList","@id":"https:\/\/www.pascal-caillens.com\/produit\/source-vivante\/#breadcrumb","itemListElement":[{"@type":"ListItem","position":1,"name":"Accueil","item":"https:\/\/www.pascal-caillens.com\/"},{"@type":"ListItem","position":2,"name":"Acheter","item":"https:\/\/www.pascal-caillens.com\/acheter\/"},{"@type":"ListItem","position":3,"name":"Source vivante"}]},{"@type":"WebSite","@id":"https:\/\/www.pascal-caillens.com\/#website","url":"https:\/\/www.pascal-caillens.com\/","name":"Artiste peintre Magog | Art abstrait contemporain Estrie | Pascal Caillens","description":"Artiste peintre Estrie | Tableaux abstraits modernes \u00e0 Magog | Pascal Caillens","potentialAction":[{"@type":"SearchAction","target":{"@type":"EntryPoint","urlTemplate":"https:\/\/www.pascal-caillens.com\/?s={search_term_string}"},"query-input":{"@type":"PropertyValueSpecification","valueRequired":true,"valueName":"search_term_string"}}],"inLanguage":"fr-FR"}]}},"_links":{"self":[{"href":"https:\/\/www.pascal-caillens.com\/fr\/wp-json\/wp\/v2\/product\/3266","targetHints":{"allow":["GET"]}}],"collection":[{"href":"https:\/\/www.pascal-caillens.com\/fr\/wp-json\/wp\/v2\/product"}],"about":[{"href":"https:\/\/www.pascal-caillens.com\/fr\/wp-json\/wp\/v2\/types\/product"}],"wp:featuredmedia":[{"embeddable":true,"href":"https:\/\/www.pascal-caillens.com\/fr\/wp-json\/wp\/v2\/media\/3257"}],"wp:attachment":[{"href":"https:\/\/www.pascal-caillens.com\/fr\/wp-json\/wp\/v2\/media?parent=3266"}],"wp:term":[{"taxonomy":"product_brand","embeddable":true,"href":"https:\/\/www.pascal-caillens.com\/fr\/wp-json\/wp\/v2\/product_brand?post=3266"},{"taxonomy":"product_cat","embeddable":true,"href":"https:\/\/www.pascal-caillens.com\/fr\/wp-json\/wp\/v2\/product_cat?post=3266"},{"taxonomy":"product_tag","embeddable":true,"href":"https:\/\/www.pascal-caillens.com\/fr\/wp-json\/wp\/v2\/product_tag?post=3266"}],"curies":[{"name":"wp","href":"https:\/\/api.w.org\/{rel}","templated":true}]}}